{"id":1033,"date":"2026-03-24T21:05:26","date_gmt":"2026-03-24T21:05:26","guid":{"rendered":"https:\/\/santajuanadearco.lasalleweb.ec\/?page_id=1033"},"modified":"2026-04-29T22:17:36","modified_gmt":"2026-04-29T22:17:36","slug":"mision-y-vision-institucional","status":"publish","type":"page","link":"https:\/\/santajuanadearco.lasalleweb.ec\/?page_id=1033","title":{"rendered":"Misi\u00f3n y Visi\u00f3n Institucional"},"content":{"rendered":"<p>[et_pb_section fb_built=\u00bb1&#8243; _builder_version=\u00bb4.27.6&#8243; _module_preset=\u00bbdefault\u00bb global_colors_info=\u00bb{}\u00bb][et_pb_row _builder_version=\u00bb4.27.6&#8243; _module_preset=\u00bbdefault\u00bb hover_enabled=\u00bb0&#8243; sticky_enabled=\u00bb0&#8243;][et_pb_column _builder_version=\u00bb4.27.6&#8243; _module_preset=\u00bbdefault\u00bb type=\u00bb4_4&#8243;][et_pb_text _builder_version=\u00bb4.27.6&#8243; _module_preset=\u00bbdefault\u00bb hover_enabled=\u00bb0&#8243; sticky_enabled=\u00bb0&#8243; custom_padding=\u00bb||0px|||\u00bb]<\/p>\n<div class=\"elementor-column elementor-col-50 elementor-top-column elementor-element elementor-element-c740677\" data-id=\"c740677\" data-element_type=\"column\" data-e-type=\"column\">\n<div class=\"elementor-widget-wrap elementor-element-populated\">\n<div class=\"elementor-element elementor-element-b26903b elementor-widget elementor-widget-heading\" data-id=\"b26903b\" data-element_type=\"widget\" data-e-type=\"widget\" data-widget_type=\"heading.default\">\n<div class=\"elementor-widget-container\">\n<h2 class=\"elementor-heading-title elementor-size-default\">Filosof\u00eda Institucional<\/h2>\n<\/div>\n<\/div>\n<div class=\"elementor-element elementor-element-58f7945 elementor-widget elementor-widget-text-editor\" data-id=\"58f7945\" data-element_type=\"widget\" data-e-type=\"widget\" data-widget_type=\"text-editor.default\">\n<div class=\"elementor-widget-container\">\n<div><span style=\"font-family: Nunito, sans-serif; font-size: 18px;\">Somos una Instituci\u00f3n Educativa Fiscomisional con m\u00e1s de 100 a\u00f1os de servicio, dedicado a la formaci\u00f3n integral de ni\u00f1os, ni\u00f1as y j\u00f3venes de Cariamanga, que optan por una educaci\u00f3n humana y cristiana de calidad. Estamos regentados por los Hermanos de las Escuelas Cristianas y pertenecemos a la Gran Familia Lasallista de Ecuador como parte del Distrito Lasallista Norandino.<\/span><\/div>\n<\/div>\n<\/div>\n<\/div>\n<\/div>\n<p>[\/et_pb_text][et_pb_text _builder_version=\u00bb4.27.6&#8243; _module_preset=\u00bbdefault\u00bb hover_enabled=\u00bb0&#8243; sticky_enabled=\u00bb0&#8243; custom_padding=\u00bb||0px|||\u00bb]<\/p>\n<div class=\"elementor-column elementor-col-50 elementor-top-column elementor-element elementor-element-c740677\" data-id=\"c740677\" data-element_type=\"column\" data-e-type=\"column\">\n<div class=\"elementor-widget-wrap elementor-element-populated\">\n<div class=\"elementor-element elementor-element-b26903b elementor-widget elementor-widget-heading\" data-id=\"b26903b\" data-element_type=\"widget\" data-e-type=\"widget\" data-widget_type=\"heading.default\">\n<div class=\"elementor-widget-container\">\n<h2 class=\"elementor-heading-title elementor-size-default\"><\/h2>\n<\/div>\n<\/div>\n<div class=\"elementor-element elementor-element-58f7945 elementor-widget elementor-widget-text-editor\" data-id=\"58f7945\" data-element_type=\"widget\" data-e-type=\"widget\" data-widget_type=\"text-editor.default\">\n<div class=\"elementor-widget-container\">\n<div><span style=\"font-family: Nunito, sans-serif; font-size: 18px;\">Nuestra Instituci\u00f3n Educativa se fundamenta en las ense\u00f1anzas de San Juan Bautista De La Salle, cuyo legado est\u00e1 simbolizado en la estrella lasallista y que se lleva a la pr\u00e1ctica mediante los principios y valores institucionales de: Fe, Fraternidad, Servicio, Justicia y Compromiso; con principios educativos: educaci\u00f3n para el cambio, educaci\u00f3n en valores, igualdad de g\u00e9nero, educaci\u00f3n para la democracia, comunidad de aprendizaje, participaci\u00f3n ciudadana, corresponsabilidad, evaluaci\u00f3n, cultura de paz y soluci\u00f3n de conflictos, equidad e inclusi\u00f3n, calidad y calidez, convivencia arm\u00f3nica, para que el estudiante sea: aut\u00f3nomo, competente, comunicativo, indagador, creativo, reflexivo y resolutivo, respetando al hombre en su diversidad sus creencias, la naturaleza y la verdad; con un alto desarrollo de sus habilidades cognitivas, sociales, art\u00edsticas y deportivas, que enfrenta y resuelve los retos del mundo globalizado y competitivo de forma eficaz y eficiente, con oportunidades de emprendimiento y\/o continuar sus estudios superiores acorde a su proyecto de vida.<\/span><\/div>\n<\/div>\n<\/div>\n<\/div>\n<\/div>\n<p>[\/et_pb_text][\/et_pb_column][\/et_pb_row][et_pb_row column_structure=\u00bb1_3,1_3,1_3&#8243; _builder_version=\u00bb4.27.6&#8243; _module_preset=\u00bbdefault\u00bb custom_padding=\u00bb64px||0px|||\u00bb global_colors_info=\u00bb{}\u00bb custom_margin=\u00bb|403px||auto||\u00bb][et_pb_column type=\u00bb1_3&#8243; _builder_version=\u00bb4.27.6&#8243; _module_preset=\u00bbdefault\u00bb background_color=\u00bb#1b2c65&#8243; global_colors_info=\u00bb{}\u00bb][et_pb_text _builder_version=\u00bb4.27.6&#8243; _module_preset=\u00bbdefault\u00bb text_font_size=\u00bb19px\u00bb min_height=\u00bb150px\u00bb custom_margin=\u00bb14px||22px||false|\u00bb custom_padding=\u00bb16px||78px|||\u00bb global_colors_info=\u00bb{}\u00bb]<\/p>\n<p style=\"text-align: center;\"><strong><span style=\"color: rgba(255, 255, 255, 0.99);\">Misi\u00f3n<\/span><\/strong><\/p>\n<p style=\"text-align: center;\"><span style=\"color: rgba(255, 255, 255, 0.99);\"><\/span><span style=\"color: #ffffff;\">Procurar una educaci\u00f3n humana y cristiana de calidad y calidez para ni\u00f1os, ni\u00f1as y j\u00f3venes, basada en los valores de fe, fraternidad, compromiso, justicia y servicio; contribuyendo as\u00ed a la formaci\u00f3n de un nuevo ciudadano<\/span><\/p>\n<p>[\/et_pb_text][\/et_pb_column][et_pb_column type=\u00bb1_3&#8243; _builder_version=\u00bb4.27.6&#8243; _module_preset=\u00bbdefault\u00bb background_color=\u00bb#1b2c65&#8243; global_colors_info=\u00bb{}\u00bb][et_pb_text _builder_version=\u00bb4.27.6&#8243; _module_preset=\u00bbdefault\u00bb custom_margin=\u00bb||37px|||\u00bb global_colors_info=\u00bb{}\u00bb]<\/p>\n<p style=\"text-align: center;\"><span style=\"color: #ffffff;\"><\/span><\/p>\n<p style=\"text-align: center;\"><span style=\"color: #ffffff;\"><strong>Visi\u00f3n<\/strong><\/span><\/p>\n<p style=\"text-align: center;\"><span style=\"color: #ffffff;\">Al 2030 la Unidad Educativa Santa Juana de Arco La Salle, ser\u00e1 reconocida por brindar una educaci\u00f3n evangelizadora de calidad, fundamentada en el carisma lasallista, la ciencia, la tecnolog\u00eda, la investigaci\u00f3n y el cuidado del medio ambiente, mediante pr\u00e1cticas innovadoras desde el Modelo Interestructurante Lasallista (MIL).\u00a0<\/span><\/p>\n<p>[\/et_pb_text][\/et_pb_column][et_pb_column type=\u00bb1_3&#8243; _builder_version=\u00bb4.27.6&#8243; _module_preset=\u00bbdefault\u00bb background_color=\u00bb#1b2c65&#8243; global_colors_info=\u00bb{}\u00bb][et_pb_text _builder_version=\u00bb4.27.6&#8243; _module_preset=\u00bbdefault\u00bb text_text_color=\u00bb#FFFFFF\u00bb text_font_size=\u00bb30px\u00bb text_orientation=\u00bbcenter\u00bb custom_margin=\u00bb||33px|||\u00bb custom_padding=\u00bb0px|||||\u00bb global_colors_info=\u00bb{}\u00bb]<\/p>\n<p><span style=\"color: #ffffff;\"><strong><\/strong><\/span><\/p>\n<p><span style=\"color: #ffffff;\"><strong>Objetivo Estrat\u00e9gico<\/strong><\/span><\/p>\n<p><span style=\"color: #ffffff;\"><strong><\/strong><\/span><\/p>\n<div class=\"et_pb_blurb_description\">\n<div data-shortcode-id=\"0.0.2.0-1775425671081\" data-quickaccess-id=\"body\" data-quickaccess-editable=\"yes\" class=\"et-fb-popover-tinymce\">\n<div class=\"mce-content-body\" contenteditable=\"false\">\n<p><span class=\"a_GcMg font-feature-liga-off font-feature-clig-off font-feature-calt-off text-decoration-none text-strikethrough-none\">Fomentar una educaci\u00f3n integral y transformadora mediante la implementaci\u00f3n de pr\u00e1cticas pedag\u00f3gicas innovadoras que promuevan el desarrollo de competencias cognitivas, emocionales, sociales y espirituales en los estudiantes, formando ciudadanos cr\u00edticos, creativos y comprometidos con la justicia social y ecol\u00f3gica.<\/span><span class=\"a_GcMg font-feature-liga-off font-feature-clig-off font-feature-calt-off text-decoration-none text-strikethrough-none white-space-prewrap\"><span>\u00a0<\/span><\/span>.<\/p>\n<\/div>\n<\/div>\n<\/div>\n<p>[\/et_pb_text][\/et_pb_column][\/et_pb_row][\/et_pb_section]<\/p>\n","protected":false},"excerpt":{"rendered":"<p>Filosof\u00eda Institucional Somos una Instituci\u00f3n Educativa Fiscomisional con m\u00e1s de 100 a\u00f1os de servicio, dedicado a la formaci\u00f3n integral de ni\u00f1os, ni\u00f1as y j\u00f3venes de Cariamanga, que optan por una educaci\u00f3n humana y cristiana de calidad. Estamos regentados por los Hermanos de las Escuelas Cristianas y pertenecemos a la Gran Familia Lasallista de Ecuador como [&hellip;]<\/p>\n","protected":false},"author":5,"featured_media":0,"parent":0,"menu_order":0,"comment_status":"closed","ping_status":"closed","template":"","meta":{"_et_pb_use_builder":"on","_et_pb_old_content":"","_et_gb_content_width":"","footnotes":""},"class_list":["post-1033","page","type-page","status-publish","hentry"],"_links":{"self":[{"href":"https:\/\/santajuanadearco.lasalleweb.ec\/index.php?rest_route=\/wp\/v2\/pages\/1033","targetHints":{"allow":["GET"]}}],"collection":[{"href":"https:\/\/santajuanadearco.lasalleweb.ec\/index.php?rest_route=\/wp\/v2\/pages"}],"about":[{"href":"https:\/\/santajuanadearco.lasalleweb.ec\/index.php?rest_route=\/wp\/v2\/types\/page"}],"author":[{"embeddable":true,"href":"https:\/\/santajuanadearco.lasalleweb.ec\/index.php?rest_route=\/wp\/v2\/users\/5"}],"replies":[{"embeddable":true,"href":"https:\/\/santajuanadearco.lasalleweb.ec\/index.php?rest_route=%2Fwp%2Fv2%2Fcomments&post=1033"}],"version-history":[{"count":14,"href":"https:\/\/santajuanadearco.lasalleweb.ec\/index.php?rest_route=\/wp\/v2\/pages\/1033\/revisions"}],"predecessor-version":[{"id":1644,"href":"https:\/\/santajuanadearco.lasalleweb.ec\/index.php?rest_route=\/wp\/v2\/pages\/1033\/revisions\/1644"}],"wp:attachment":[{"href":"https:\/\/santajuanadearco.lasalleweb.ec\/index.php?rest_route=%2Fwp%2Fv2%2Fmedia&parent=1033"}],"curies":[{"name":"wp","href":"https:\/\/api.w.org\/{rel}","templated":true}]}}