{"id":1616,"date":"2026-04-27T11:48:19","date_gmt":"2026-04-27T11:48:19","guid":{"rendered":"https:\/\/santajuanadearco.lasalleweb.ec\/?page_id=1616"},"modified":"2026-04-27T12:08:29","modified_gmt":"2026-04-27T12:08:29","slug":"modelo-pedagogico","status":"publish","type":"page","link":"https:\/\/santajuanadearco.lasalleweb.ec\/?page_id=1616","title":{"rendered":"MODELO PEDAG\u00d3GICO"},"content":{"rendered":"\n<div style=\"position: relative; width: 100%; height: 0; padding-top: 25.0000%;\n padding-bottom: 0; box-shadow: 0 2px 8px 0 rgba(63,69,81,0.16); margin-top: 1.6em; margin-bottom: 0.9em; overflow: hidden;\n border-radius: 8px; will-change: transform;\">\n  <iframe loading=\"lazy\" style=\"position: absolute; width: 100%; height: 100%; top: 0; left: 0; border: none; padding: 0;margin: 0;\"\n    src=\"https:\/\/www.canva.com\/design\/DAHIC1GE9BI\/QdhNUmX5nuMyz-p3Zef09g\/view?embed\" allowfullscreen=\"allowfullscreen\" allow=\"fullscreen\">\n  <\/iframe>\n<\/div>\n<a href=\"https:&#x2F;&#x2F;www.canva.com&#x2F;design&#x2F;DAHIC1GE9BI&#x2F;QdhNUmX5nuMyz-p3Zef09g&#x2F;view?utm_content=DAHIC1GE9BI&amp;utm_campaign=designshare&amp;utm_medium=embeds&amp;utm_source=link\" target=\"_blank\" rel=\"noopener\">\n\n\n\n<p>La pedagog\u00eda interestructurante lasallista se refiere a la integraci\u00f3n y relaci\u00f3n arm\u00f3nica de los siguientes principios fundamentales (Ram\u00edrez, 2023):<\/p>\n\n\n\n<figure class=\"wp-block-image size-full\"><img loading=\"lazy\" decoding=\"async\" width=\"488\" height=\"180\" src=\"https:\/\/santajuanadearco.lasalleweb.ec\/wp-content\/uploads\/2026\/04\/image.png\" alt=\"\" class=\"wp-image-1623\" srcset=\"https:\/\/santajuanadearco.lasalleweb.ec\/wp-content\/uploads\/2026\/04\/image.png 488w, https:\/\/santajuanadearco.lasalleweb.ec\/wp-content\/uploads\/2026\/04\/image-480x177.png 480w\" sizes=\"(min-width: 0px) and (max-width: 480px) 480px, (min-width: 481px) 488px, 100vw\" \/><\/figure>\n\n\n\n<p>Facilita el impulso de Que permite impulsar una educaci\u00f3n transformadora orientada a la construcci\u00f3n de un nuevo modelo de ser humano, cristiano y ciudadano, tanto a nivel local y global, que genere una sociedad m\u00e1s humana, fraterna, solidaria y sostenible (Hermanos de las Escuelas Cristianas, 2022).<\/p>\n\n\n\n<p>Importancia: El Modelo Pedag\u00f3gico Interestructurante Lasallista promueve una educaci\u00f3n integral que favorece el desarrollo afectivo, praxitivo y cognitivo centrado en lo espiritual de los estudiantes.<\/p>\n\n\n\n<p>Este modelo reconoce al docente como mediador, a la familia como de vida y a la escuela como lugar de salvaci\u00f3n y transformaci\u00f3n.<\/p>\n\n\n\n<p>El proceso de Ense\u00f1anza &#8211; Aprehendizaje: es la interacci\u00f3n que se establece entre el docente, el estudiante y el objeto aprehendizaje, tomando en cuenta el contexto -la realidad- en el desarrollo del hecho educativo.<\/p>\n\n\n\n<p>En el marco educativo lasallista, el proceso de ense\u00f1anza-aprehendizaje tiene como finalidad que sus actores tenga dominio afectivo, social, espiritual y cognitivo del objeto de aprehendizaje, considerando los niveles de conocimiento, comprensi\u00f3n, aplicaci\u00f3n, an\u00e1lisis, evaluaci\u00f3n y creaci\u00f3n.<\/p>\n\n\n\n<ol start=\"2\" class=\"wp-block-list\"><\/ol>\n\n\n\n<p><br><\/p>\n","protected":false},"excerpt":{"rendered":"<p>La pedagog\u00eda interestructurante lasallista se refiere a la integraci\u00f3n y relaci\u00f3n arm\u00f3nica de los siguientes principios fundamentales (Ram\u00edrez, 2023): Facilita el impulso de Que permite impulsar una educaci\u00f3n transformadora orientada a la construcci\u00f3n de un nuevo modelo de ser humano, cristiano y ciudadano, tanto a nivel local y global, que genere una sociedad m\u00e1s humana, [&hellip;]<\/p>\n","protected":false},"author":5,"featured_media":0,"parent":0,"menu_order":0,"comment_status":"closed","ping_status":"closed","template":"","meta":{"_et_pb_use_builder":"","_et_pb_old_content":"","_et_gb_content_width":"","footnotes":""},"class_list":["post-1616","page","type-page","status-publish","hentry"],"_links":{"self":[{"href":"https:\/\/santajuanadearco.lasalleweb.ec\/index.php?rest_route=\/wp\/v2\/pages\/1616","targetHints":{"allow":["GET"]}}],"collection":[{"href":"https:\/\/santajuanadearco.lasalleweb.ec\/index.php?rest_route=\/wp\/v2\/pages"}],"about":[{"href":"https:\/\/santajuanadearco.lasalleweb.ec\/index.php?rest_route=\/wp\/v2\/types\/page"}],"author":[{"embeddable":true,"href":"https:\/\/santajuanadearco.lasalleweb.ec\/index.php?rest_route=\/wp\/v2\/users\/5"}],"replies":[{"embeddable":true,"href":"https:\/\/santajuanadearco.lasalleweb.ec\/index.php?rest_route=%2Fwp%2Fv2%2Fcomments&post=1616"}],"version-history":[{"count":5,"href":"https:\/\/santajuanadearco.lasalleweb.ec\/index.php?rest_route=\/wp\/v2\/pages\/1616\/revisions"}],"predecessor-version":[{"id":1627,"href":"https:\/\/santajuanadearco.lasalleweb.ec\/index.php?rest_route=\/wp\/v2\/pages\/1616\/revisions\/1627"}],"wp:attachment":[{"href":"https:\/\/santajuanadearco.lasalleweb.ec\/index.php?rest_route=%2Fwp%2Fv2%2Fmedia&parent=1616"}],"curies":[{"name":"wp","href":"https:\/\/api.w.org\/{rel}","templated":true}]}}