{"id":278,"date":"2024-04-02T16:25:53","date_gmt":"2024-04-02T16:25:53","guid":{"rendered":"https:\/\/santajuanadearco.lasalleweb.ec\/?page_id=278"},"modified":"2026-04-20T00:36:19","modified_gmt":"2026-04-20T00:36:19","slug":"noticias","status":"publish","type":"page","link":"https:\/\/santajuanadearco.lasalleweb.ec\/?page_id=278","title":{"rendered":"Noticias"},"content":{"rendered":"<p>[et_pb_section fb_built=\u00bb1&#8243; admin_label=\u00bbHow It Works\u00bb _builder_version=\u00bb4.27.4&#8243; _module_preset=\u00bbdefault\u00bb background_enable_color=\u00bboff\u00bb min_height=\u00bb1136.5px\u00bb custom_margin=\u00bb||-332px|||\u00bb custom_padding=\u00bb||404px|||\u00bb collapsed=\u00bbon\u00bb global_colors_info=\u00bb{%22gcid-8ce98ce1-4460-49e4-9cd7-b148b47c216c%22:%91%22background_color%22%93}\u00bb][et_pb_row column_structure=\u00bb1_3,1_3,1_3&#8243; _builder_version=\u00bb4.27.4&#8243; _module_preset=\u00bbdefault\u00bb custom_padding=\u00bb58px|||||\u00bb global_colors_info=\u00bb{}\u00bb][et_pb_column type=\u00bb1_3&#8243; _builder_version=\u00bb4.27.4&#8243; _module_preset=\u00bbdefault\u00bb global_colors_info=\u00bb{}\u00bb][\/et_pb_column][et_pb_column type=\u00bb1_3&#8243; _builder_version=\u00bb4.27.4&#8243; _module_preset=\u00bbdefault\u00bb global_colors_info=\u00bb{}\u00bb][et_pb_text _builder_version=\u00bb4.23.1&#8243; _module_preset=\u00bb3c4fc7ca-3c41-462c-876b-4438b79c6139&#8243; text_orientation=\u00bbcenter\u00bb global_colors_info=\u00bb{}\u00bb]<\/p>\n<h2>NOTICIAS<\/h2>\n<p>[\/et_pb_text][\/et_pb_column][et_pb_column type=\u00bb1_3&#8243; _builder_version=\u00bb4.27.4&#8243; _module_preset=\u00bbdefault\u00bb global_colors_info=\u00bb{}\u00bb][\/et_pb_column][\/et_pb_row][et_pb_row column_structure=\u00bb1_3,1_3,1_3&#8243; _builder_version=\u00bb4.27.4&#8243; _module_preset=\u00bbdefault\u00bb global_colors_info=\u00bb{}\u00bb][et_pb_column type=\u00bb1_3&#8243; _builder_version=\u00bb4.27.4&#8243; _module_preset=\u00bbdefault\u00bb global_colors_info=\u00bb{}\u00bb][et_pb_blurb title=\u00bb104 a\u00f1os de excelencia educativa, formando personas que transforman el mundo con fe y valores\u00bb image=\u00bbhttps:\/\/santajuanadearco.lasalleweb.ec\/wp-content\/uploads\/2026\/03\/LA-SALLE-104-ANOS-1.png\u00bb _builder_version=\u00bb4.27.6&#8243; _module_preset=\u00bbdefault\u00bb body_font=\u00bb||||||||\u00bb body_font_size=\u00bb16px\u00bb text_orientation=\u00bbjustified\u00bb custom_padding=\u00bb||0px|||\u00bb global_colors_info=\u00bb{}\u00bb]<\/p>\n<p><span>El s\u00e1bado 21 de marzo celebramos los 104 a\u00f1os de historia, fe y compromiso educativo de nuestra querida instituci\u00f3n Santa Juana de Arco La Salle, un establecimiento que a lo largo del tiempo ha acompa\u00f1ado la formaci\u00f3n de m\u00faltiples generaciones estudiantiles. Fomentando una educaci\u00f3n humana y de calidad<\/span><\/p>\n<p>[\/et_pb_blurb][et_pb_button button_url=\u00bbhttps:\/\/www.facebook.com\/share\/p\/18JogcX6xc\/\u00bb button_text=\u00bbVer m\u00e1s\u00bb _builder_version=\u00bb4.27.4&#8243; _module_preset=\u00bbdefault\u00bb global_colors_info=\u00bb{}\u00bb][\/et_pb_button][\/et_pb_column][et_pb_column type=\u00bb1_3&#8243; _builder_version=\u00bb4.27.4&#8243; _module_preset=\u00bbdefault\u00bb global_colors_info=\u00bb{}\u00bb][et_pb_blurb image=\u00bbhttps:\/\/santajuanadearco.lasalleweb.ec\/wp-content\/uploads\/2026\/03\/sub.jpg\u00bb _builder_version=\u00bb4.27.4&#8243; _module_preset=\u00bbdefault\u00bb body_text_align=\u00bbjustify\u00bb body_font_size=\u00bb11px\u00bb global_colors_info=\u00bb{}\u00bb]<\/p>\n<h4 data-start=\"769\" data-end=\"821\"><span style=\"font-size: medium;\"><span>Eucarist\u00eda de Acci\u00f3n de Gracias por los Estudiantes de Tercero de Bachillerato<\/span><\/span><\/h4>\n<p data-start=\"822\" data-end=\"1213\"><span style=\"font-size: medium;\">En un acto de fe y gratitud, como familia lasallista celebramos la Eucarist\u00eda de Acci\u00f3n de Gracias por los estudiantes de nuestra Promoci\u00f3n XVIII, en la antesala de su graduaci\u00f3n como Bachilleres.<br \/>Damos gracias a Dios, por cada logro alcanzado, por las dificultades superadas, por la amistad compartida y por el acompa\u00f1amiento constante de sus familias y maestros, quienes han sido gu\u00eda y apoyo en este camino.\u00a0<\/span><\/p>\n<p>\u200b<\/p>\n<p>[\/et_pb_blurb][et_pb_button button_url=\u00bbhttps:\/\/www.facebook.com\/share\/p\/1CEcAXwJPQ\/\u00bb button_text=\u00bbVer m\u00e1s\u00bb _builder_version=\u00bb4.27.4&#8243; _module_preset=\u00bbdefault\u00bb global_colors_info=\u00bb{}\u00bb][\/et_pb_button][\/et_pb_column][et_pb_column type=\u00bb1_3&#8243; _builder_version=\u00bb4.27.4&#8243; _module_preset=\u00bbdefault\u00bb global_colors_info=\u00bb{}\u00bb][et_pb_blurb image=\u00bbhttps:\/\/santajuanadearco.lasalleweb.ec\/wp-content\/uploads\/2026\/04\/A.jpg\u00bb _builder_version=\u00bb4.27.6&#8243; _module_preset=\u00bbdefault\u00bb header_font_size=\u00bb18px\u00bb body_font=\u00bb||||||||\u00bb body_text_align=\u00bbjustify\u00bb body_font_size=\u00bb13px\u00bb text_orientation=\u00bbjustified\u00bb custom_padding=\u00bb||0px|||\u00bb hover_enabled=\u00bb0&#8243; global_colors_info=\u00bb{}\u00bb sticky_enabled=\u00bb0&#8243; url=\u00bbhttps:\/\/www.facebook.com\/share\/p\/1C9TZqyQpj\/\u00bb title_text=\u00bbA\u00bb]<\/p>\n<p data-start=\"476\" data-end=\"719\"><span style=\"font-size: 18px; color: #333333; font-family: Manrope, sans-serif; font-weight: 800;\">Adecuaci\u00f3n de Aulas en el Nivel Inicial<\/span><\/p>\n<p data-start=\"772\" data-end=\"1033\"><span>Nuestra Instituci\u00f3n incorpor\u00f3 nuevo mobiliario en las aulas del Nivel Inicial dise\u00f1ado seg\u00fan las necesidades propias de esta etapa formativa. Esta mejora fortalece entornos m\u00e1s seguros, funcionales y acogedores, favoreciendo el bienestar de los estudiantes y creando condiciones \u00f3ptimas para el desarrollo de experiencias de aprendizaje significativas.<\/span><\/p>\n<p>[\/et_pb_blurb][et_pb_button button_url=\u00bbhttps:\/\/www.facebook.com\/UEFLaSalleCariamanga\/posts\/pfbid0DE6BxUk9cngyPmcEZ9rhrKFcQuNayY3cT8qjhVzk6zAxdQZzwrDEP5bkmLKX7jJ5l\u00bb button_text=\u00bbVer m\u00e1s\u00bb _builder_version=\u00bb4.27.6&#8243; _module_preset=\u00bbdefault\u00bb hover_enabled=\u00bb0&#8243; global_colors_info=\u00bb{}\u00bb sticky_enabled=\u00bb0&#8243;][\/et_pb_button][\/et_pb_column][\/et_pb_row][\/et_pb_section][et_pb_section fb_built=\u00bb1&#8243; admin_label=\u00bbFooter Links\u00bb _builder_version=\u00bb4.24.0&#8243; _module_preset=\u00bbdefault\u00bb background_color=\u00bbgcid-dfe2e0c1-6f93-4563-8502-7952298bf493&#8243; custom_margin=\u00bb11px|||||\u00bb custom_padding=\u00bb102px||12px|||\u00bb global_module=\u00bb152&#8243; saved_tabs=\u00bball\u00bb locked=\u00bboff\u00bb collapsed=\u00bbon\u00bb global_colors_info=\u00bb{%22gcid-dfe2e0c1-6f93-4563-8502-7952298bf493%22:%91%22background_color%22%93}\u00bb][et_pb_row _builder_version=\u00bb4.24.0&#8243; _module_preset=\u00bbdefault\u00bb custom_padding=\u00bb0px||8px|||\u00bb global_colors_info=\u00bb{}\u00bb][et_pb_column type=\u00bb4_4&#8243; _builder_version=\u00bb4.24.0&#8243; _module_preset=\u00bbdefault\u00bb global_colors_info=\u00bb{}\u00bb][et_pb_text _builder_version=\u00bb4.27.4&#8243; _module_preset=\u00bbdefault\u00bb text_text_color=\u00bb#FFFFFF\u00bb text_orientation=\u00bbcenter\u00bb global_colors_info=\u00bb{}\u00bb]<\/p>\n<p><img decoding=\"async\" src=\"https:\/\/static.wixstatic.com\/media\/98d749_064d87306ec548a9880d4b52ee04a33d~mv2.webp\" \/><br \/>U.E.F. Santa Juana de Arco La Salle &#8211; Derechos Reservados<\/p>\n<p>[\/et_pb_text][\/et_pb_column][\/et_pb_row][\/et_pb_section]<\/p>\n","protected":false},"excerpt":{"rendered":"<p>NOTICIASEl s\u00e1bado 21 de marzo celebramos los 104 a\u00f1os de historia, fe y compromiso educativo de nuestra querida instituci\u00f3n Santa Juana de Arco La Salle, un establecimiento que a lo largo del tiempo ha acompa\u00f1ado la formaci\u00f3n de m\u00faltiples generaciones estudiantiles. Fomentando una educaci\u00f3n humana y de calidadEucarist\u00eda de Acci\u00f3n de Gracias por los Estudiantes [&hellip;]<\/p>\n","protected":false},"author":5,"featured_media":0,"parent":0,"menu_order":0,"comment_status":"closed","ping_status":"closed","template":"","meta":{"_et_pb_use_builder":"on","_et_pb_old_content":"","_et_gb_content_width":"","footnotes":""},"class_list":["post-278","page","type-page","status-publish","hentry"],"_links":{"self":[{"href":"https:\/\/santajuanadearco.lasalleweb.ec\/index.php?rest_route=\/wp\/v2\/pages\/278","targetHints":{"allow":["GET"]}}],"collection":[{"href":"https:\/\/santajuanadearco.lasalleweb.ec\/index.php?rest_route=\/wp\/v2\/pages"}],"about":[{"href":"https:\/\/santajuanadearco.lasalleweb.ec\/index.php?rest_route=\/wp\/v2\/types\/page"}],"author":[{"embeddable":true,"href":"https:\/\/santajuanadearco.lasalleweb.ec\/index.php?rest_route=\/wp\/v2\/users\/5"}],"replies":[{"embeddable":true,"href":"https:\/\/santajuanadearco.lasalleweb.ec\/index.php?rest_route=%2Fwp%2Fv2%2Fcomments&post=278"}],"version-history":[{"count":16,"href":"https:\/\/santajuanadearco.lasalleweb.ec\/index.php?rest_route=\/wp\/v2\/pages\/278\/revisions"}],"predecessor-version":[{"id":1511,"href":"https:\/\/santajuanadearco.lasalleweb.ec\/index.php?rest_route=\/wp\/v2\/pages\/278\/revisions\/1511"}],"wp:attachment":[{"href":"https:\/\/santajuanadearco.lasalleweb.ec\/index.php?rest_route=%2Fwp%2Fv2%2Fmedia&parent=278"}],"curies":[{"name":"wp","href":"https:\/\/api.w.org\/{rel}","templated":true}]}}