{"id":680,"date":"2025-01-08T16:42:57","date_gmt":"2025-01-08T16:42:57","guid":{"rendered":"https:\/\/santajuanadearco.lasalleweb.ec\/?page_id=680"},"modified":"2026-03-26T21:03:53","modified_gmt":"2026-03-26T21:03:53","slug":"680-2","status":"publish","type":"page","link":"https:\/\/santajuanadearco.lasalleweb.ec\/?page_id=680","title":{"rendered":"ADMISIONES 2025 &#8211; 2026"},"content":{"rendered":"<p>[et_pb_section fb_built=\u00bb1&#8243; admin_label=\u00bbHeader\u00bb _builder_version=\u00bb4.22.0&#8243; _module_preset=\u00bbdefault\u00bb custom_padding=\u00bb||0px|||\u00bb collapsed=\u00bbon\u00bb global_colors_info=\u00bb{}\u00bb][et_pb_row _builder_version=\u00bb4.24.2&#8243; _module_preset=\u00bbdefault\u00bb max_width=\u00bb1280px\u00bb custom_padding=\u00bb||0px||false|false\u00bb global_colors_info=\u00bb{}\u00bb][et_pb_column type=\u00bb4_4&#8243; _builder_version=\u00bb4.22.0&#8243; _module_preset=\u00bbdefault\u00bb global_colors_info=\u00bb{}\u00bb][et_pb_text _builder_version=\u00bb4.27.6&#8243; _module_preset=\u00bb28bd2b7a-53e4-4e26-843a-94cd0630f64a\u00bb header_4_text_color=\u00bbgcid-f97cece5-7be8-4f1e-9c80-b24cb8a333b3&#8243; hover_enabled=\u00bb0&#8243; global_colors_info=\u00bb{%22gcid-f97cece5-7be8-4f1e-9c80-b24cb8a333b3%22:%91%22header_4_text_color%22%93}\u00bb sticky_enabled=\u00bb0&#8243;]<\/p>\n<h2>ADMISIONES 2026 &#8211; 2027<\/h2>\n<p>&nbsp;<\/p>\n<p>[\/et_pb_text][\/et_pb_column][\/et_pb_row][\/et_pb_section][et_pb_section fb_built=\u00bb1&#8243; admin_label=\u00bbFeatures\u00bb _builder_version=\u00bb4.27.4&#8243; _module_preset=\u00bbdefault\u00bb custom_padding=\u00bb11px|||||\u00bb locked=\u00bboff\u00bb collapsed=\u00bbon\u00bb global_colors_info=\u00bb{}\u00bb][et_pb_row _builder_version=\u00bb4.27.4&#8243; _module_preset=\u00bbdefault\u00bb max_width=\u00bb1280px\u00bb global_colors_info=\u00bb{}\u00bb][et_pb_column type=\u00bb4_4&#8243; _builder_version=\u00bb4.22.0&#8243; _module_preset=\u00bbdefault\u00bb global_colors_info=\u00bb{}\u00bb][et_pb_button button_url=\u00bbhttps:\/\/inscripciones.santajuanadearco.lasalle.ec\/\u00bb url_new_window=\u00bbon\u00bb button_text=\u00bbADMISIONES EN L\u00cdNEA\u00bb _builder_version=\u00bb4.27.6&#8243; _module_preset=\u00bb9e78db32-27d2-4b1a-8920-ea1db093bdd3&#8243; button_bg_color=\u00bb#e9b221&#8243; hover_enabled=\u00bb0&#8243; global_colors_info=\u00bb{}\u00bb sticky_enabled=\u00bb0&#8243; button_text_color=\u00bb#1b2c65&#8243; background_layout=\u00bbdark\u00bb button_bg_enable_color=\u00bbon\u00bb][\/et_pb_button][\/et_pb_column][\/et_pb_row][et_pb_row _builder_version=\u00bb4.27.6&#8243; _module_preset=\u00bbdefault\u00bb custom_margin=\u00bb26px||6px||false|false\u00bb hover_enabled=\u00bb0&#8243; sticky_enabled=\u00bb0&#8243;][et_pb_column _builder_version=\u00bb4.27.6&#8243; _module_preset=\u00bbdefault\u00bb type=\u00bb4_4&#8243;][et_pb_image src=\u00bbhttps:\/\/santajuanadearco.lasalleweb.ec\/wp-content\/uploads\/2026\/03\/Blue-and-White-Corporate-School-Admission-Facebook-Post-1.png\u00bb _builder_version=\u00bb4.27.6&#8243; _module_preset=\u00bbdefault\u00bb title_text=\u00bbBlue and White Corporate School Admission Facebook Post\u00bb custom_margin=\u00bb-68px||7px||false|false\u00bb hover_enabled=\u00bb0&#8243; sticky_enabled=\u00bb0&#8243;][\/et_pb_image][\/et_pb_column][\/et_pb_row][et_pb_row _builder_version=\u00bb4.27.6&#8243; _module_preset=\u00bbdefault\u00bb min_height=\u00bb385px\u00bb custom_margin=\u00bb|auto|-265px|auto|false|false\u00bb custom_padding=\u00bb0px|||0px||\u00bb hover_enabled=\u00bb0&#8243; global_colors_info=\u00bb{}\u00bb sticky_enabled=\u00bb0&#8243;][et_pb_column type=\u00bb4_4&#8243; _builder_version=\u00bb4.27.4&#8243; _module_preset=\u00bbdefault\u00bb global_colors_info=\u00bb{}\u00bb][et_pb_text _builder_version=\u00bb4.27.6&#8243; _module_preset=\u00bbdefault\u00bb hover_enabled=\u00bb0&#8243; global_colors_info=\u00bb{}\u00bb custom_margin=\u00bb21px||||false|false\u00bb sticky_enabled=\u00bb0&#8243;]<\/p>\n<h1 style=\"text-align: center;\">REQUISITOS PARA ADMISI\u00d3N<\/h1>\n<p>[\/et_pb_text][\/et_pb_column][\/et_pb_row][et_pb_row column_structure=\u00bb1_4,1_4,1_4,1_4&#8243; _builder_version=\u00bb4.27.4&#8243; _module_preset=\u00bbdefault\u00bb max_width=\u00bb1280px\u00bb custom_margin=\u00bb-32px|auto||auto||\u00bb hover_enabled=\u00bb0&#8243; global_colors_info=\u00bb{}\u00bb sticky_enabled=\u00bb0&#8243;][et_pb_column type=\u00bb1_4&#8243; _builder_version=\u00bb4.21.0&#8243; _module_preset=\u00bbdefault\u00bb global_colors_info=\u00bb{}\u00bb][et_pb_image src=\u00bbhttps:\/\/santajuanadearco.lasalleweb.ec\/wp-content\/uploads\/2026\/03\/depositphotos_67088291-stock-illustration-children-cartoon-reading-book-and.webp\u00bb title_text=\u00bbdepositphotos_67088291-stock-illustration-children-cartoon-reading-book-and\u00bb _builder_version=\u00bb4.27.6&#8243; _module_preset=\u00bbdefault\u00bb max_width=\u00bb64px\u00bb max_height=\u00bb64px\u00bb custom_margin=\u00bb||20px||false|false\u00bb hover_enabled=\u00bb0&#8243; global_colors_info=\u00bb{}\u00bb sticky_enabled=\u00bb0&#8243;][\/et_pb_image][et_pb_text _builder_version=\u00bb4.27.6&#8243; _module_preset=\u00bbff7be74a-06f0-4770-98e4-ec0304d059f1&#8243; hover_enabled=\u00bb0&#8243; global_colors_info=\u00bb{}\u00bb sticky_enabled=\u00bb0&#8243;]<\/p>\n<h3>Inicial I<\/h3>\n<p>[\/et_pb_text][et_pb_text _builder_version=\u00bb4.27.6&#8243; _module_preset=\u00bb871e9624-901b-461e-b43f-79b335c65d94&#8243; global_colors_info=\u00bb{}\u00bb]<\/p>\n<p><span style=\"font-size: medium;\"><em><span class=\"a_GcMg font-feature-liga-off font-feature-clig-off font-feature-calt-off text-decoration-none text-strikethrough-none\">Cumplir 3 a\u00f1os hasta noventa (90) d\u00edas calendario posteriores al primer d\u00eda del a\u00f1o lectivo de cada r\u00e9gimen escolar.<\/span><\/em><\/span><\/p>\n<p>1. Entregar los siguientes documentos en secretar\u00eda en una carpeta pl\u00e1stica, tapa transparente, color negro:<\/p>\n<ul>\n<li>Copia a color legible de la c\u00e9dula de identidad del aspirante.<\/li>\n<li>Copia a color legible de la c\u00e9dula del padre y la madre.<\/li>\n<\/ul>\n<p>2. Asistir a la entrevista con el DECE, coordinada en Secretar\u00eda.<\/p>\n<p><span class=\"a_GcMg font-feature-liga-off font-feature-clig-off font-feature-calt-off text-decoration-none text-strikethrough-none\">3. Rendir la evaluaci\u00f3n de conocimientos.<\/span><\/p>\n<p>4. Realizar el pago de $16,23 por valor de prematr\u00edcula en colectur\u00eda.<\/p>\n<p>[\/et_pb_text][\/et_pb_column][et_pb_column type=\u00bb1_4&#8243; _builder_version=\u00bb4.21.0&#8243; _module_preset=\u00bbdefault\u00bb global_colors_info=\u00bb{}\u00bb][et_pb_image src=\u00bbhttps:\/\/santajuanadearco.lasalleweb.ec\/wp-content\/uploads\/2026\/03\/pngtree-colorful-clip-art-of-preschool-education-png-image_16729510.webp\u00bb title_text=\u00bbpngtree-colorful-clip-art-of-preschool-education-png-image_16729510&#8243; _builder_version=\u00bb4.27.6&#8243; _module_preset=\u00bbdefault\u00bb max_width=\u00bb64px\u00bb max_height=\u00bb64px\u00bb custom_margin=\u00bb||20px||false|false\u00bb hover_enabled=\u00bb0&#8243; global_colors_info=\u00bb{}\u00bb sticky_enabled=\u00bb0&#8243;][\/et_pb_image][et_pb_text _builder_version=\u00bb4.27.4&#8243; _module_preset=\u00bbff7be74a-06f0-4770-98e4-ec0304d059f1&#8243; global_colors_info=\u00bb{}\u00bb]<\/p>\n<h3>Inicial II<\/h3>\n<p>[\/et_pb_text][et_pb_text _builder_version=\u00bb4.27.6&#8243; _module_preset=\u00bb871e9624-901b-461e-b43f-79b335c65d94&#8243; hover_enabled=\u00bb0&#8243; global_colors_info=\u00bb{}\u00bb sticky_enabled=\u00bb0&#8243;]<\/p>\n<p><span style=\"font-size: medium;\"><em><span class=\"a_GcMg font-feature-liga-off font-feature-clig-off font-feature-calt-off text-decoration-none text-strikethrough-none\">Cumplir 4 a\u00f1os hasta noventa (90) d\u00edas calendario posteriores al primer d\u00eda del a\u00f1o lectivo de cada r\u00e9gimen escolar.<\/span><\/em><\/span><\/p>\n<p>1. Entregar los siguientes documentos en secretar\u00eda en una carpeta pl\u00e1stica, tapa transparente, color gris:<\/p>\n<ul>\n<li>Copia a color legible de la c\u00e9dula de identidad del aspirante.<\/li>\n<li>Copia a color legible de la c\u00e9dula del padre y la madre.<\/li>\n<li>\u00daltima libreta de calificaciones del Subnivel Inicial I, en caso de asistir.<\/li>\n<li>Certificado comportamental.<\/li>\n<\/ul>\n<p><span class=\"a_GcMg font-feature-liga-off font-feature-clig-off font-feature-calt-off text-decoration-none text-strikethrough-none\">2. Asistir a la entrevista con el DECE, coordinada en Secretar\u00eda.<\/span><\/p>\n<p><span class=\"a_GcMg font-feature-liga-off font-feature-clig-off font-feature-calt-off text-decoration-none text-strikethrough-none\">3. Rendir la evaluaci\u00f3n de conocimientos.<\/span><\/p>\n<p><span class=\"a_GcMg font-feature-liga-off font-feature-clig-off font-feature-calt-off text-decoration-none text-strikethrough-none\">4. Realizar el pago de $16.23, por valor de prematr\u00edcula en colectur\u00eda.<\/span><\/p>\n<p><span class=\"a_GcMg font-feature-liga-off font-feature-clig-off font-feature-calt-off text-decoration-none text-strikethrough-none\"><img loading=\"lazy\" decoding=\"async\" src=\"https:\/\/santajuanadearco.lasalleweb.ec\/wp-content\/uploads\/2026\/03\/OIP-1-300x300.webp\" width=\"300\" height=\"300\" alt=\"\" class=\"wp-image-1173 alignnone size-medium\" srcset=\"https:\/\/santajuanadearco.lasalleweb.ec\/wp-content\/uploads\/2026\/03\/OIP-1-300x300.webp 300w, https:\/\/santajuanadearco.lasalleweb.ec\/wp-content\/uploads\/2026\/03\/OIP-1-150x150.webp 150w, https:\/\/santajuanadearco.lasalleweb.ec\/wp-content\/uploads\/2026\/03\/OIP-1.webp 474w\" sizes=\"(max-width: 300px) 100vw, 300px\" \/><\/span><\/p>\n<p>[\/et_pb_text][\/et_pb_column][et_pb_column type=\u00bb1_4&#8243; _builder_version=\u00bb4.21.0&#8243; _module_preset=\u00bbdefault\u00bb global_colors_info=\u00bb{}\u00bb][et_pb_image src=\u00bbhttps:\/\/santajuanadearco.lasalleweb.ec\/wp-content\/uploads\/2026\/03\/pngtree-stack-of-notebooks-and-colored-pencils-png-image_16509773.png\u00bb title_text=\u00bbpngtree-stack-of-notebooks-and-colored-pencils-png-image_16509773&#8243; _builder_version=\u00bb4.27.6&#8243; _module_preset=\u00bbdefault\u00bb max_width=\u00bb64px\u00bb max_height=\u00bb64px\u00bb custom_margin=\u00bb||20px||false|false\u00bb hover_enabled=\u00bb0&#8243; locked=\u00bboff\u00bb global_colors_info=\u00bb{}\u00bb align=\u00bbcenter\u00bb sticky_enabled=\u00bb0&#8243;][\/et_pb_image][et_pb_text _builder_version=\u00bb4.27.4&#8243; _module_preset=\u00bbff7be74a-06f0-4770-98e4-ec0304d059f1&#8243; locked=\u00bboff\u00bb global_colors_info=\u00bb{}\u00bb]<\/p>\n<h3>Primero EGB<\/h3>\n<p>[\/et_pb_text][et_pb_text _builder_version=\u00bb4.27.6&#8243; _module_preset=\u00bb871e9624-901b-461e-b43f-79b335c65d94&#8243; global_colors_info=\u00bb{}\u00bb]<\/p>\n<p><span style=\"font-size: medium;\"><em><span class=\"a_GcMg font-feature-liga-off font-feature-clig-off font-feature-calt-off text-decoration-none text-strikethrough-none\">Cumplir 5 a\u00f1os hasta noventa (90) d\u00edas calendario posteriores al primer d\u00eda del a\u00f1o lectivo de cada r\u00e9gimen escolar.<\/span><\/em><\/span><\/p>\n<p>1. Entregar los siguientes documentos en secretar\u00eda en una carpeta pl\u00e1stica, tapa transparente, color fucsia:<\/p>\n<ul>\n<li>Copia a color legible de la c\u00e9dula de identidad del aspirante.<\/li>\n<li>Copia a color legible de la c\u00e9dula del padre y la madre.<\/li>\n<li>\u00daltima libreta de calificaciones del Subnivel Inicial II, en caso de asistir.<\/li>\n<li>Certificado comportamental.<\/li>\n<\/ul>\n<p><span class=\"a_GcMg font-feature-liga-off font-feature-clig-off font-feature-calt-off text-decoration-none text-strikethrough-none\">2. Asistir a la entrevista con el DECE, coordinada en Secretar\u00eda.<\/span><\/p>\n<p><span class=\"a_GcMg font-feature-liga-off font-feature-clig-off font-feature-calt-off text-decoration-none text-strikethrough-none\">3. Rendir la evaluaci\u00f3n de conocimientos.<\/span><\/p>\n<p><span class=\"a_GcMg font-feature-liga-off font-feature-clig-off font-feature-calt-off text-decoration-none text-strikethrough-none\">4. Realizar el pago de $16.23, por valor de prematr\u00edcula en colectur\u00eda.<\/span><\/p>\n<p>[\/et_pb_text][et_pb_text _builder_version=\u00bb4.24.2&#8243; _module_preset=\u00bb871e9624-901b-461e-b43f-79b335c65d94&#8243; global_colors_info=\u00bb{}\u00bb][\/et_pb_text][\/et_pb_column][et_pb_column type=\u00bb1_4&#8243; _builder_version=\u00bb4.21.0&#8243; _module_preset=\u00bbdefault\u00bb global_colors_info=\u00bb{}\u00bb][et_pb_image src=\u00bbhttps:\/\/santajuanadearco.lasalleweb.ec\/wp-content\/uploads\/2026\/03\/pngtree-happy-kids-holding-colorful-abc-letters-preschool-education-illustration-png-image_17319640.webp\u00bb title_text=\u00bbpngtree-happy-kids-holding-colorful-abc-letters-preschool-education-illustration-png-image_17319640&#8243; _builder_version=\u00bb4.27.6&#8243; _module_preset=\u00bbdefault\u00bb max_width=\u00bb64px\u00bb max_height=\u00bb64px\u00bb custom_margin=\u00bb||20px||false|false\u00bb hover_enabled=\u00bb0&#8243; locked=\u00bboff\u00bb global_colors_info=\u00bb{}\u00bb sticky_enabled=\u00bb0&#8243;][\/et_pb_image][et_pb_text _builder_version=\u00bb4.27.4&#8243; _module_preset=\u00bbff7be74a-06f0-4770-98e4-ec0304d059f1&#8243; locked=\u00bboff\u00bb global_colors_info=\u00bb{}\u00bb]<\/p>\n<h3>Segundo EGB a Primero Bachillerato<\/h3>\n<p>[\/et_pb_text][et_pb_text _builder_version=\u00bb4.24.2&#8243; _module_preset=\u00bb871e9624-901b-461e-b43f-79b335c65d94&#8243; global_colors_info=\u00bb{}\u00bb]<\/p>\n<p>1. Entregar los siguientes documentos en secretar\u00eda en una carpeta pl\u00e1stica, tapa transparente:<\/p>\n<ul>\n<li>Copia a color legible de la c\u00e9dula de identidad del aspirante.<\/li>\n<li>Copia a color legible de la c\u00e9dula del padre y la madre.<\/li>\n<li>\u00daltima libreta de calificaciones del a\u00f1o que se encuentran cursando.<\/li>\n<li>Certificado comportamental.<\/li>\n<\/ul>\n<p><span class=\"a_GcMg font-feature-liga-off font-feature-clig-off font-feature-calt-off text-decoration-none text-strikethrough-none\">2. Asistir a la entrevista con el DECE, coordinada en Secretar\u00eda.<\/span><\/p>\n<p><span class=\"a_GcMg font-feature-liga-off font-feature-clig-off font-feature-calt-off text-decoration-none text-strikethrough-none\">3. Rendir la evaluaci\u00f3n de conocimientos.<\/span><\/p>\n<p><span class=\"a_GcMg font-feature-liga-off font-feature-clig-off font-feature-calt-off text-decoration-none text-strikethrough-none\">4. Realizar el pago de $16.23, por valor de prematr\u00edcula en colectur\u00eda.<\/span><\/p>\n<p><strong>COLORES DE CARPETAS:<\/strong><\/p>\n<ul>\n<li>2do EGB: celeste<span class=\"a_GcMg font-feature-liga-off font-feature-clig-off font-feature-calt-off text-decoration-none text-strikethrough-none\"><\/span><\/li>\n<li>3ero EGB: rojo<\/li>\n<li>4to EGB: naranja<\/li>\n<li>5to EGB: blanca<\/li>\n<li>6to EGB: azul oscuro<\/li>\n<li>7mo EGB: verde oscuro<\/li>\n<li>8vo EGB: turquesa<\/li>\n<li>9no EGB: verde lim\u00f3n<\/li>\n<li>10mo EGB: rosado<\/li>\n<li>1ero BGU: amarillo<\/li>\n<\/ul>\n<p>&nbsp;<\/p>\n<p>[\/et_pb_text][\/et_pb_column][\/et_pb_row][\/et_pb_section][et_pb_section fb_built=\u00bb1&#8243; _builder_version=\u00bb4.27.4&#8243; _module_preset=\u00bbdefault\u00bb custom_margin=\u00bb-150px|||||\u00bb global_colors_info=\u00bb{}\u00bb][et_pb_row _builder_version=\u00bb4.27.4&#8243; _module_preset=\u00bbdefault\u00bb global_colors_info=\u00bb{}\u00bb][et_pb_column type=\u00bb4_4&#8243; _builder_version=\u00bb4.27.4&#8243; _module_preset=\u00bbdefault\u00bb global_colors_info=\u00bb{}\u00bb][et_pb_text _builder_version=\u00bb4.27.4&#8243; _module_preset=\u00bbdefault\u00bb global_colors_info=\u00bb{}\u00bb][\/et_pb_text][\/et_pb_column][\/et_pb_row][\/et_pb_section]<\/p>\n","protected":false},"excerpt":{"rendered":"<p>ADMISIONES 2026 &#8211; 2027 &nbsp;REQUISITOS PARA ADMISI\u00d3NInicial ICumplir 3 a\u00f1os hasta noventa (90) d\u00edas calendario posteriores al primer d\u00eda del a\u00f1o lectivo de cada r\u00e9gimen escolar. 1. Entregar los siguientes documentos en secretar\u00eda en una carpeta pl\u00e1stica, tapa transparente, color negro: Copia a color legible de la c\u00e9dula de identidad del aspirante. Copia a color [&hellip;]<\/p>\n","protected":false},"author":5,"featured_media":0,"parent":0,"menu_order":0,"comment_status":"closed","ping_status":"closed","template":"","meta":{"_et_pb_use_builder":"on","_et_pb_old_content":"","_et_gb_content_width":"","footnotes":""},"class_list":["post-680","page","type-page","status-publish","hentry"],"_links":{"self":[{"href":"https:\/\/santajuanadearco.lasalleweb.ec\/index.php?rest_route=\/wp\/v2\/pages\/680","targetHints":{"allow":["GET"]}}],"collection":[{"href":"https:\/\/santajuanadearco.lasalleweb.ec\/index.php?rest_route=\/wp\/v2\/pages"}],"about":[{"href":"https:\/\/santajuanadearco.lasalleweb.ec\/index.php?rest_route=\/wp\/v2\/types\/page"}],"author":[{"embeddable":true,"href":"https:\/\/santajuanadearco.lasalleweb.ec\/index.php?rest_route=\/wp\/v2\/users\/5"}],"replies":[{"embeddable":true,"href":"https:\/\/santajuanadearco.lasalleweb.ec\/index.php?rest_route=%2Fwp%2Fv2%2Fcomments&post=680"}],"version-history":[{"count":51,"href":"https:\/\/santajuanadearco.lasalleweb.ec\/index.php?rest_route=\/wp\/v2\/pages\/680\/revisions"}],"predecessor-version":[{"id":1340,"href":"https:\/\/santajuanadearco.lasalleweb.ec\/index.php?rest_route=\/wp\/v2\/pages\/680\/revisions\/1340"}],"wp:attachment":[{"href":"https:\/\/santajuanadearco.lasalleweb.ec\/index.php?rest_route=%2Fwp%2Fv2%2Fmedia&parent=680"}],"curies":[{"name":"wp","href":"https:\/\/api.w.org\/{rel}","templated":true}]}}