{"id":832,"date":"2025-09-02T19:13:49","date_gmt":"2025-09-02T19:13:49","guid":{"rendered":"https:\/\/santajuanadearco.lasalleweb.ec\/?page_id=832"},"modified":"2026-04-29T21:01:44","modified_gmt":"2026-04-29T21:01:44","slug":"lista-de-utiles","status":"publish","type":"page","link":"https:\/\/santajuanadearco.lasalleweb.ec\/?page_id=832","title":{"rendered":"LISTA DE \u00daTILES"},"content":{"rendered":"<p>[et_pb_section fb_built=\u00bb1&#8243; admin_label=\u00bbsection\u00bb _builder_version=\u00bb4.27.6&#8243; global_colors_info=\u00bb{}\u00bb][et_pb_row admin_label=\u00bbrow\u00bb _builder_version=\u00bb4.16&#8243; background_size=\u00bbinitial\u00bb background_position=\u00bbtop_left\u00bb background_repeat=\u00bbrepeat\u00bb global_colors_info=\u00bb{}\u00bb][et_pb_column type=\u00bb4_4&#8243; _builder_version=\u00bb4.16&#8243; custom_padding=\u00bb|||\u00bb global_colors_info=\u00bb{}\u00bb custom_padding__hover=\u00bb|||\u00bb][et_pb_text admin_label=\u00bbText\u00bb _builder_version=\u00bb4.27.6&#8243; background_size=\u00bbinitial\u00bb background_position=\u00bbtop_left\u00bb background_repeat=\u00bbrepeat\u00bb inline_fonts=\u00bbAbhaya Libre\u00bb global_colors_info=\u00bb{}\u00bb]<\/p>\n<h1 style=\"text-align: center;\"><span style=\"font-size: xx-large; font-family: 'Abhaya Libre'; font-weight: normal; color: #000080;\"><strong>LISTA DE \u00daTILES Y TEXTOS ESCOLARES<\/strong><\/span><span style=\"font-size: xx-large; font-family: 'Abhaya Libre'; font-weight: normal; color: #000080;\"><strong><\/strong><\/span><\/h1>\n<p style=\"text-align: center;\"><span style=\"font-size: xx-large; font-family: 'Abhaya Libre'; font-weight: normal; color: #ffcc00;\"><strong>A\u00f1o Lectivo 2026 &#8211; 2027<\/strong><\/span><\/p>\n<p><span style=\"font-size: xx-large; font-family: 'Abhaya Libre'; font-weight: normal; color: #000080;\"><strong><\/strong><\/span><\/p>\n<p>[\/et_pb_text][\/et_pb_column][\/et_pb_row][et_pb_row _builder_version=\u00bb4.27.6&#8243; _module_preset=\u00bbdefault\u00bb border_color_all=\u00bb#D6D6D6&#8243; global_colors_info=\u00bb{}\u00bb][et_pb_column type=\u00bb4_4&#8243; _builder_version=\u00bb4.27.4&#8243; _module_preset=\u00bbdefault\u00bb global_colors_info=\u00bb{}\u00bb][et_pb_text _builder_version=\u00bb4.27.6&#8243; _module_preset=\u00bbdefault\u00bb max_width=\u00bb60%\u00bb module_alignment=\u00bbcenter\u00bb border_width_all=\u00bb7px\u00bb border_color_all=\u00bb#D6D6D6&#8243; box_shadow_style=\u00bbpreset6&#8243; box_shadow_horizontal=\u00bb-17px\u00bb global_colors_info=\u00bb{}\u00bb]<\/p>\n<p style=\"text-align: center;\"><span style=\"color: #000080;\"><strong>Al hacer clic en el bot\u00f3n del grado de su representado, podr\u00e1 acceder al archivo<\/strong><\/span><\/p>\n<p>[\/et_pb_text][\/et_pb_column][\/et_pb_row][et_pb_row column_structure=\u00bb1_3,1_3,1_3&#8243; _builder_version=\u00bb4.27.4&#8243; _module_preset=\u00bbdefault\u00bb global_colors_info=\u00bb{}\u00bb][et_pb_column type=\u00bb1_3&#8243; _builder_version=\u00bb4.27.4&#8243; _module_preset=\u00bbdefault\u00bb global_colors_info=\u00bb{}\u00bb][et_pb_button button_url=\u00bbhttps:\/\/lasalleec-my.sharepoint.com\/:b:\/g\/personal\/secrecariamanga_lasalle_edu_ec\/IQA3yKAMGEYwT6231qylvP2tAUbQpG1_PqzhbJadJCCasj0?e=lCGWDi\u00bb button_text=\u00bbINICIAL I\u00bb button_alignment=\u00bbcenter\u00bb _builder_version=\u00bb4.27.6&#8243; _module_preset=\u00bbdefault\u00bb background_layout=\u00bbdark\u00bb global_colors_info=\u00bb{}\u00bb][\/et_pb_button][\/et_pb_column][et_pb_column type=\u00bb1_3&#8243; _builder_version=\u00bb4.27.4&#8243; _module_preset=\u00bbdefault\u00bb global_colors_info=\u00bb{}\u00bb][et_pb_button button_url=\u00bbhttps:\/\/lasalleec-my.sharepoint.com\/:b:\/g\/personal\/secrecariamanga_lasalle_edu_ec\/IQDki54QvqfoRbdevq61oLuyARLHxHAcsBM6oiHLDcbFAbI?e=xfCJKb\u00bb button_text=\u00bbINICIAL II\u00bb button_alignment=\u00bbcenter\u00bb _builder_version=\u00bb4.27.6&#8243; _module_preset=\u00bbdefault\u00bb background_layout=\u00bbdark\u00bb global_colors_info=\u00bb{}\u00bb][\/et_pb_button][\/et_pb_column][et_pb_column type=\u00bb1_3&#8243; _builder_version=\u00bb4.27.4&#8243; _module_preset=\u00bbdefault\u00bb global_colors_info=\u00bb{}\u00bb][et_pb_button button_url=\u00bbhttps:\/\/lasalleec-my.sharepoint.com\/:b:\/g\/personal\/secrecariamanga_lasalle_edu_ec\/IQB3YT8wlatfSYCAaECPg88AAbnBgm6vFNu2ecxvyhOnfF8?e=u6rVjM\u00bb button_text=\u00bbPRIMERO EGB\u00bb button_alignment=\u00bbcenter\u00bb _builder_version=\u00bb4.27.6&#8243; _module_preset=\u00bbdefault\u00bb background_layout=\u00bbdark\u00bb global_colors_info=\u00bb{}\u00bb][\/et_pb_button][\/et_pb_column][\/et_pb_row][et_pb_row column_structure=\u00bb1_3,1_3,1_3&#8243; _builder_version=\u00bb4.27.4&#8243; _module_preset=\u00bbdefault\u00bb global_colors_info=\u00bb{}\u00bb][et_pb_column type=\u00bb1_3&#8243; _builder_version=\u00bb4.27.4&#8243; _module_preset=\u00bbdefault\u00bb global_colors_info=\u00bb{}\u00bb][et_pb_button button_url=\u00bbhttps:\/\/lasalleec-my.sharepoint.com\/:b:\/g\/personal\/secrecariamanga_lasalle_edu_ec\/IQBZlOWd-Kt9QoTaRQxUuAhLAcPE1aecFoEZYq0tx7vAzok?e=LE95Gw\u00bb button_text=\u00bbSEGUNDO EGB\u00bb button_alignment=\u00bbcenter\u00bb _builder_version=\u00bb4.27.6&#8243; _module_preset=\u00bbdefault\u00bb background_layout=\u00bbdark\u00bb global_colors_info=\u00bb{}\u00bb][\/et_pb_button][\/et_pb_column][et_pb_column type=\u00bb1_3&#8243; _builder_version=\u00bb4.27.6&#8243; _module_preset=\u00bbdefault\u00bb global_colors_info=\u00bb{}\u00bb][et_pb_button button_url=\u00bbhttps:\/\/lasalleec-my.sharepoint.com\/:b:\/g\/personal\/secrecariamanga_lasalle_edu_ec\/IQAVYzxRtuiwQYHDNU1EnicbAZ6e_w3auFalG_0NZIzg_wE?e=zUEJuJ\u00bb button_text=\u00bbTERCERO EGB\u00bb button_alignment=\u00bbcenter\u00bb _builder_version=\u00bb4.27.6&#8243; _module_preset=\u00bbdefault\u00bb background_layout=\u00bbdark\u00bb global_colors_info=\u00bb{}\u00bb][\/et_pb_button][\/et_pb_column][et_pb_column type=\u00bb1_3&#8243; _builder_version=\u00bb4.27.4&#8243; _module_preset=\u00bbdefault\u00bb global_colors_info=\u00bb{}\u00bb][et_pb_button button_url=\u00bbhttps:\/\/lasalleec-my.sharepoint.com\/:b:\/g\/personal\/secrecariamanga_lasalle_edu_ec\/IQDLkHhNfG4hSKC5dbAAMH1tAUr9CqqesupE942olFovPK8?e=sAflne\u00bb button_text=\u00bbCUARTO EGB\u00bb button_alignment=\u00bbcenter\u00bb _builder_version=\u00bb4.27.6&#8243; _module_preset=\u00bbdefault\u00bb background_layout=\u00bbdark\u00bb global_colors_info=\u00bb{}\u00bb][\/et_pb_button][\/et_pb_column][\/et_pb_row][et_pb_row column_structure=\u00bb1_3,1_3,1_3&#8243; _builder_version=\u00bb4.27.4&#8243; _module_preset=\u00bbdefault\u00bb global_colors_info=\u00bb{}\u00bb][et_pb_column type=\u00bb1_3&#8243; _builder_version=\u00bb4.27.4&#8243; _module_preset=\u00bbdefault\u00bb global_colors_info=\u00bb{}\u00bb][et_pb_button button_url=\u00bbhttps:\/\/lasalleec-my.sharepoint.com\/:b:\/g\/personal\/secrecariamanga_lasalle_edu_ec\/IQDyZcajNSZESq8StHKX1VvZAfTVyBb3w41j0guGir0G488?e=1lZAKm\u00bb button_text=\u00bbQUINTO EGB\u00bb button_alignment=\u00bbcenter\u00bb _builder_version=\u00bb4.27.6&#8243; _module_preset=\u00bbdefault\u00bb background_layout=\u00bbdark\u00bb global_colors_info=\u00bb{}\u00bb][\/et_pb_button][\/et_pb_column][et_pb_column type=\u00bb1_3&#8243; _builder_version=\u00bb4.27.4&#8243; _module_preset=\u00bbdefault\u00bb global_colors_info=\u00bb{}\u00bb][et_pb_button button_url=\u00bbhttps:\/\/lasalleec-my.sharepoint.com\/:b:\/g\/personal\/secrecariamanga_lasalle_edu_ec\/IQDdKeulEP_mS5oU6Xt6mfLlAQTCgM_09RCWHKE9nq7ZkLE?e=lXVfuh\u00bb button_text=\u00bbSEXTO EGB\u00bb button_alignment=\u00bbcenter\u00bb _builder_version=\u00bb4.27.6&#8243; _module_preset=\u00bbdefault\u00bb background_layout=\u00bbdark\u00bb global_colors_info=\u00bb{}\u00bb][\/et_pb_button][\/et_pb_column][et_pb_column type=\u00bb1_3&#8243; _builder_version=\u00bb4.27.4&#8243; _module_preset=\u00bbdefault\u00bb global_colors_info=\u00bb{}\u00bb][et_pb_button button_url=\u00bbhttps:\/\/lasalleec-my.sharepoint.com\/:b:\/g\/personal\/secrecariamanga_lasalle_edu_ec\/IQBQOfi1Jc15SpAA8-tTw69PAS4qjb58uTan8NKe8bFMDcM?e=Fhp4l9&#8243; button_text=\u00bbS\u00c9PTIMO EGB \u00bb button_alignment=\u00bbcenter\u00bb _builder_version=\u00bb4.27.6&#8243; _module_preset=\u00bbdefault\u00bb background_layout=\u00bbdark\u00bb global_colors_info=\u00bb{}\u00bb][\/et_pb_button][\/et_pb_column][\/et_pb_row][et_pb_row column_structure=\u00bb1_3,1_3,1_3&#8243; _builder_version=\u00bb4.27.4&#8243; _module_preset=\u00bbdefault\u00bb global_colors_info=\u00bb{}\u00bb][et_pb_column type=\u00bb1_3&#8243; _builder_version=\u00bb4.27.4&#8243; _module_preset=\u00bbdefault\u00bb global_colors_info=\u00bb{}\u00bb][et_pb_button button_url=\u00bbhttps:\/\/lasalleec-my.sharepoint.com\/:b:\/g\/personal\/secrecariamanga_lasalle_edu_ec\/IQDos42bKcgFSp71rQS-TGVmAS_RBW928HcBhLYQtsY-sMY?e=IdV2tm\u00bb button_text=\u00bbOCTAVO EGB\u00bb button_alignment=\u00bbcenter\u00bb _builder_version=\u00bb4.27.6&#8243; _module_preset=\u00bbdefault\u00bb background_layout=\u00bbdark\u00bb global_colors_info=\u00bb{}\u00bb][\/et_pb_button][\/et_pb_column][et_pb_column type=\u00bb1_3&#8243; _builder_version=\u00bb4.27.4&#8243; _module_preset=\u00bbdefault\u00bb global_colors_info=\u00bb{}\u00bb][et_pb_button button_url=\u00bbhttps:\/\/lasalleec-my.sharepoint.com\/:b:\/g\/personal\/secrecariamanga_lasalle_edu_ec\/IQD0F_gSpVZUQLD1Iic-jkkjAb-FuBknwI0Wc3z2rKrbPQ0?e=Tjofhk\u00bb button_text=\u00bbNOVENO EGB\u00bb button_alignment=\u00bbcenter\u00bb _builder_version=\u00bb4.27.6&#8243; _module_preset=\u00bbdefault\u00bb background_layout=\u00bbdark\u00bb global_colors_info=\u00bb{}\u00bb][\/et_pb_button][\/et_pb_column][et_pb_column type=\u00bb1_3&#8243; _builder_version=\u00bb4.27.4&#8243; _module_preset=\u00bbdefault\u00bb global_colors_info=\u00bb{}\u00bb][et_pb_button button_url=\u00bbhttps:\/\/lasalleec-my.sharepoint.com\/:b:\/g\/personal\/secrecariamanga_lasalle_edu_ec\/IQBVRLsDH-3eSo0o-IF_qDZBAUnwJSTyOpvJBdE9lfY8fFs?e=fX9fgm\u00bb button_text=\u00bbD\u00c9CIMO EGB\u00bb button_alignment=\u00bbcenter\u00bb _builder_version=\u00bb4.27.6&#8243; _module_preset=\u00bbdefault\u00bb background_layout=\u00bbdark\u00bb global_colors_info=\u00bb{}\u00bb][\/et_pb_button][\/et_pb_column][\/et_pb_row][et_pb_row column_structure=\u00bb1_3,1_3,1_3&#8243; _builder_version=\u00bb4.27.4&#8243; _module_preset=\u00bbdefault\u00bb global_colors_info=\u00bb{}\u00bb][et_pb_column type=\u00bb1_3&#8243; _builder_version=\u00bb4.27.4&#8243; _module_preset=\u00bbdefault\u00bb global_colors_info=\u00bb{}\u00bb][et_pb_button button_url=\u00bbhttps:\/\/lasalleec-my.sharepoint.com\/:b:\/g\/personal\/secrecariamanga_lasalle_edu_ec\/IQDiGBUIc0agTYWANYQSojm5AVC1kEDhPCj25S6CFx_UVb0?e=gTUAY1&#8243; button_text=\u00bbPRIMERO BGU\u00bb button_alignment=\u00bbcenter\u00bb _builder_version=\u00bb4.27.6&#8243; _module_preset=\u00bbdefault\u00bb background_layout=\u00bbdark\u00bb global_colors_info=\u00bb{}\u00bb][\/et_pb_button][\/et_pb_column][et_pb_column type=\u00bb1_3&#8243; _builder_version=\u00bb4.27.4&#8243; _module_preset=\u00bbdefault\u00bb global_colors_info=\u00bb{}\u00bb][et_pb_button button_url=\u00bbhttps:\/\/lasalleec-my.sharepoint.com\/:b:\/g\/personal\/secrecariamanga_lasalle_edu_ec\/IQCfWGmSp&#8211;iRJ5PXDCsFtPjAZby0L7_BjviMLIWr_kEmgM?e=xkfUgi\u00bb button_text=\u00bbSEGUNDO BGU\u00bb button_alignment=\u00bbcenter\u00bb _builder_version=\u00bb4.27.6&#8243; _module_preset=\u00bbdefault\u00bb background_layout=\u00bbdark\u00bb global_colors_info=\u00bb{}\u00bb][\/et_pb_button][\/et_pb_column][et_pb_column type=\u00bb1_3&#8243; _builder_version=\u00bb4.27.4&#8243; _module_preset=\u00bbdefault\u00bb global_colors_info=\u00bb{}\u00bb][et_pb_button button_url=\u00bbhttps:\/\/lasalleec-my.sharepoint.com\/:b:\/g\/personal\/secrecariamanga_lasalle_edu_ec\/IQDtVNeN9ao8So0l-BN_JsYWAaQnzDGreqKHs8FF8Z8fAr8?e=Pp9IW9&#8243; button_text=\u00bbTERCERO BGU\u00bb button_alignment=\u00bbcenter\u00bb _builder_version=\u00bb4.27.6&#8243; _module_preset=\u00bbdefault\u00bb background_layout=\u00bbdark\u00bb global_colors_info=\u00bb{}\u00bb][\/et_pb_button][\/et_pb_column][\/et_pb_row][et_pb_row _builder_version=\u00bb4.27.4&#8243; _module_preset=\u00bbdefault\u00bb global_colors_info=\u00bb{}\u00bb][et_pb_column type=\u00bb4_4&#8243; _builder_version=\u00bb4.27.4&#8243; _module_preset=\u00bbdefault\u00bb global_colors_info=\u00bb{}\u00bb][et_pb_button button_url=\u00bbhttps:\/\/lasalleec-my.sharepoint.com\/:b:\/g\/personal\/rectorcariamanga_lasalle_edu_ec\/IQCYJeDIqHt1TobSbDESFOz3AfhlT-ShDIpLXipFZU0Zq7I?e=ijguqF\u00bb button_text=\u00bbCOSTOS REFERENCIALES A\u00d1O LECTIVO 2026 &#8211; 2027&#8243; button_alignment=\u00bbcenter\u00bb _builder_version=\u00bb4.27.6&#8243; _module_preset=\u00bbdefault\u00bb hover_enabled=\u00bb0&#8243; global_colors_info=\u00bb{}\u00bb sticky_enabled=\u00bb0&#8243; background_layout=\u00bbdark\u00bb][\/et_pb_button][\/et_pb_column][\/et_pb_row][\/et_pb_section][et_pb_section fb_built=\u00bb1&#8243; _builder_version=\u00bb4.27.4&#8243; _module_preset=\u00bbdefault\u00bb global_colors_info=\u00bb{}\u00bb][\/et_pb_section]<\/p>\n","protected":false},"excerpt":{"rendered":"<p>LISTA DE \u00daTILES Y TEXTOS ESCOLARES A\u00f1o Lectivo 2026 &#8211; 2027 Al hacer clic en el bot\u00f3n del grado de su representado, podr\u00e1 acceder al archivo<\/p>\n","protected":false},"author":5,"featured_media":0,"parent":0,"menu_order":0,"comment_status":"closed","ping_status":"closed","template":"","meta":{"_et_pb_use_builder":"on","_et_pb_old_content":"<!-- wp:divi\/placeholder \/-->","_et_gb_content_width":"","footnotes":""},"class_list":["post-832","page","type-page","status-publish","hentry"],"_links":{"self":[{"href":"https:\/\/santajuanadearco.lasalleweb.ec\/index.php?rest_route=\/wp\/v2\/pages\/832","targetHints":{"allow":["GET"]}}],"collection":[{"href":"https:\/\/santajuanadearco.lasalleweb.ec\/index.php?rest_route=\/wp\/v2\/pages"}],"about":[{"href":"https:\/\/santajuanadearco.lasalleweb.ec\/index.php?rest_route=\/wp\/v2\/types\/page"}],"author":[{"embeddable":true,"href":"https:\/\/santajuanadearco.lasalleweb.ec\/index.php?rest_route=\/wp\/v2\/users\/5"}],"replies":[{"embeddable":true,"href":"https:\/\/santajuanadearco.lasalleweb.ec\/index.php?rest_route=%2Fwp%2Fv2%2Fcomments&post=832"}],"version-history":[{"count":32,"href":"https:\/\/santajuanadearco.lasalleweb.ec\/index.php?rest_route=\/wp\/v2\/pages\/832\/revisions"}],"predecessor-version":[{"id":1629,"href":"https:\/\/santajuanadearco.lasalleweb.ec\/index.php?rest_route=\/wp\/v2\/pages\/832\/revisions\/1629"}],"wp:attachment":[{"href":"https:\/\/santajuanadearco.lasalleweb.ec\/index.php?rest_route=%2Fwp%2Fv2%2Fmedia&parent=832"}],"curies":[{"name":"wp","href":"https:\/\/api.w.org\/{rel}","templated":true}]}}