{"id":849,"date":"2025-09-11T19:56:14","date_gmt":"2025-09-11T19:56:14","guid":{"rendered":"https:\/\/santajuanadearco.lasalleweb.ec\/?page_id=849"},"modified":"2026-04-13T01:22:47","modified_gmt":"2026-04-13T01:22:47","slug":"uniformes","status":"publish","type":"page","link":"https:\/\/santajuanadearco.lasalleweb.ec\/?page_id=849","title":{"rendered":"Uniformes"},"content":{"rendered":"[et_pb_section fb_built=\u00bb1&#8243; admin_label=\u00bbsection\u00bb _builder_version=\u00bb4.16&#8243; global_colors_info=\u00bb{}\u00bb][et_pb_row admin_label=\u00bbrow\u00bb _builder_version=\u00bb4.16&#8243; background_size=\u00bbinitial\u00bb background_position=\u00bbtop_left\u00bb background_repeat=\u00bbrepeat\u00bb hover_enabled=\u00bb0&#8243; global_colors_info=\u00bb{}\u00bb sticky_enabled=\u00bb0&#8243;][et_pb_column type=\u00bb4_4&#8243; _builder_version=\u00bb4.16&#8243; custom_padding=\u00bb|||\u00bb global_colors_info=\u00bb{}\u00bb custom_padding__hover=\u00bb|||\u00bb][et_pb_text admin_label=\u00bbText\u00bb _builder_version=\u00bb4.27.6&#8243; background_size=\u00bbinitial\u00bb background_position=\u00bbtop_left\u00bb background_repeat=\u00bbrepeat\u00bb hover_enabled=\u00bb0&#8243; global_colors_info=\u00bb{}\u00bb sticky_enabled=\u00bb0&#8243; text_font_size=\u00bb39px\u00bb]<p><span style=\"color: #070d7a;\">El uniforme tiene como objetivo, fortalecer la identidad y sentido de pertenencia a la Instituci\u00f3n. Su uso es de car\u00e1cter obligatorio, bajo las caracter\u00edsticas establecidas por la Red La Salle en el Ecuador, que ha estandarizado el uniforme escolar en las veinte obras educativas lasallistas del pa\u00eds.<\/span><\/p>\n<p><span style=\"color: #070d7a;\"><strong><em>Inicial I (3 a\u00f1os):<\/em><\/strong> uniforme deportivo.<\/span><\/p>\n<p><span style=\"color: #070d7a;\"><strong style=\"font-size: 18px;\"><em>Inicial II a 7mo EGB: <\/em><\/strong><span style=\"font-size: 18px;\">Uniforme diario y uniforme deportivo.<\/span><\/span><\/p>\n<p><span style=\"color: #070d7a;\"><strong><em>8vo EGB a 3ero Bachillerato:<\/em> <\/strong>Uniforme formal, diario y deportivo.<\/span><\/p>\n<h5><\/h5>\n<h5><!-- \/wp:post-content --><\/h5>\n<h5><!-- wp:image {\"id\":980,\"sizeSlug\":\"full\",\"linkDestination\":\"none\"} --><\/h5>\n<figure class=\"wp-block-image size-full\"><img loading=\"lazy\" decoding=\"async\" width=\"1024\" height=\"400\" src=\"https:\/\/santajuanadearco.lasalleweb.ec\/wp-content\/uploads\/2026\/03\/UNIFORMMES.jpg\" alt=\"\" class=\"wp-image-980\" srcset=\"https:\/\/santajuanadearco.lasalleweb.ec\/wp-content\/uploads\/2026\/03\/UNIFORMMES.jpg 1024w, https:\/\/santajuanadearco.lasalleweb.ec\/wp-content\/uploads\/2026\/03\/UNIFORMMES-980x383.jpg 980w, https:\/\/santajuanadearco.lasalleweb.ec\/wp-content\/uploads\/2026\/03\/UNIFORMMES-480x188.jpg 480w\" sizes=\"(min-width: 0px) and (max-width: 480px) 480px, (min-width: 481px) and (max-width: 980px) 980px, (min-width: 981px) 1024px, 100vw\" \/><\/figure>\n<p><!-- \/wp:image --><\/p>\n<p><!-- wp:image {\"id\":981,\"sizeSlug\":\"full\",\"linkDestination\":\"none\"} --><\/p>\n<figure class=\"wp-block-image size-full\"><img loading=\"lazy\" decoding=\"async\" width=\"1024\" height=\"400\" src=\"https:\/\/santajuanadearco.lasalleweb.ec\/wp-content\/uploads\/2026\/03\/2.jpg\" alt=\"\" class=\"wp-image-981\" srcset=\"https:\/\/santajuanadearco.lasalleweb.ec\/wp-content\/uploads\/2026\/03\/2.jpg 1024w, https:\/\/santajuanadearco.lasalleweb.ec\/wp-content\/uploads\/2026\/03\/2-980x383.jpg 980w, https:\/\/santajuanadearco.lasalleweb.ec\/wp-content\/uploads\/2026\/03\/2-480x188.jpg 480w\" sizes=\"(min-width: 0px) and (max-width: 480px) 480px, (min-width: 481px) and (max-width: 980px) 980px, (min-width: 981px) 1024px, 100vw\" \/><\/figure>\n<p><!-- \/wp:image --><\/p>\n<p><!-- wp:image {\"id\":982,\"sizeSlug\":\"full\",\"linkDestination\":\"none\"} --><\/p>\n<figure class=\"wp-block-image size-full\"><img loading=\"lazy\" decoding=\"async\" width=\"1024\" height=\"400\" src=\"https:\/\/santajuanadearco.lasalleweb.ec\/wp-content\/uploads\/2026\/03\/3.jpg\" alt=\"\" class=\"wp-image-982\" srcset=\"https:\/\/santajuanadearco.lasalleweb.ec\/wp-content\/uploads\/2026\/03\/3.jpg 1024w, https:\/\/santajuanadearco.lasalleweb.ec\/wp-content\/uploads\/2026\/03\/3-980x383.jpg 980w, https:\/\/santajuanadearco.lasalleweb.ec\/wp-content\/uploads\/2026\/03\/3-480x188.jpg 480w\" sizes=\"(min-width: 0px) and (max-width: 480px) 480px, (min-width: 481px) and (max-width: 980px) 980px, (min-width: 981px) 1024px, 100vw\" \/><\/figure>\n<p><!-- \/wp:image --><\/p>\n<p><!-- wp:image {\"id\":983,\"sizeSlug\":\"full\",\"linkDestination\":\"none\"} --><\/p>\n<figure class=\"wp-block-image size-full\"><img loading=\"lazy\" decoding=\"async\" width=\"1024\" height=\"400\" src=\"https:\/\/santajuanadearco.lasalleweb.ec\/wp-content\/uploads\/2026\/03\/4.jpg\" alt=\"\" class=\"wp-image-983\" srcset=\"https:\/\/santajuanadearco.lasalleweb.ec\/wp-content\/uploads\/2026\/03\/4.jpg 1024w, https:\/\/santajuanadearco.lasalleweb.ec\/wp-content\/uploads\/2026\/03\/4-980x383.jpg 980w, https:\/\/santajuanadearco.lasalleweb.ec\/wp-content\/uploads\/2026\/03\/4-480x188.jpg 480w\" sizes=\"(min-width: 0px) and (max-width: 480px) 480px, (min-width: 481px) and (max-width: 980px) 980px, (min-width: 981px) 1024px, 100vw\" \/><\/figure>\n<p><!-- \/wp:image --><\/p>\n<p><!-- wp:paragraph --><\/p>\n<p><!-- \/wp:paragraph --><\/p>[\/et_pb_text][\/et_pb_column][\/et_pb_row][\/et_pb_section]","protected":false},"excerpt":{"rendered":"<p>El uniforme tiene como objetivo, fortalecer la identidad y sentido de pertenencia a la Instituci\u00f3n. Su uso es de car\u00e1cter obligatorio, bajo las caracter\u00edsticas establecidas por la Red La Salle en el Ecuador, que ha estandarizado el uniforme escolar en las veinte obras educativas lasallistas del pa\u00eds. Inicial I (3 a\u00f1os): uniforme deportivo. Inicial II [&hellip;]<\/p>\n","protected":false},"author":5,"featured_media":0,"parent":0,"menu_order":0,"comment_status":"closed","ping_status":"closed","template":"","meta":{"_et_pb_use_builder":"on","_et_pb_old_content":"<!-- wp:paragraph -->\n<p>El uniforme tiene como objetivo, fortalecer la identidad y sentido de pertenencia a la Instituci\u00f3n. Su uso es de car\u00e1cter obligatorio, bajo las caracter\u00edsticas establecidas por la Red La Salle en el Ecuador, que ha estandarizado el uniforme escolar en las veinte obras educativas lasallistas del pa\u00eds.<\/p>\n<!-- \/wp:paragraph -->\n\n<!-- wp:list -->\n<ul class=\"wp-block-list\"><!-- wp:list-item -->\n<li><strong><em>Inicial I (3 a\u00f1os):<\/em><\/strong>\u00a0uniforme deportivo.<\/li>\n<!-- \/wp:list-item -->\n\n<!-- wp:list-item -->\n<li><strong><em>Inicial II a 7mo EGB:\u00a0<\/em><\/strong>uniforme diario y uniforme deportivo.<\/li>\n<!-- \/wp:list-item -->\n\n<!-- wp:list-item -->\n<li><strong><em>8vo EGB a 3ero Bachillerato:<\/em>&nbsp;<\/strong>uniforme formal, diario y deportivo.<\/li>\n<!-- \/wp:list-item --><\/ul>\n<!-- \/wp:list -->\n\n<!-- wp:image {\"id\":980,\"sizeSlug\":\"full\",\"linkDestination\":\"none\"} -->\n<figure class=\"wp-block-image size-full\"><img src=\"https:\/\/santajuanadearco.lasalleweb.ec\/wp-content\/uploads\/2026\/03\/UNIFORMMES.jpg\" alt=\"\" class=\"wp-image-980\"\/><\/figure>\n<!-- \/wp:image -->\n\n<!-- wp:image {\"id\":981,\"sizeSlug\":\"full\",\"linkDestination\":\"none\"} -->\n<figure class=\"wp-block-image size-full\"><img src=\"https:\/\/santajuanadearco.lasalleweb.ec\/wp-content\/uploads\/2026\/03\/2.jpg\" alt=\"\" class=\"wp-image-981\"\/><\/figure>\n<!-- \/wp:image -->\n\n<!-- wp:image {\"id\":982,\"sizeSlug\":\"full\",\"linkDestination\":\"none\"} -->\n<figure class=\"wp-block-image size-full\"><img src=\"https:\/\/santajuanadearco.lasalleweb.ec\/wp-content\/uploads\/2026\/03\/3.jpg\" alt=\"\" class=\"wp-image-982\"\/><\/figure>\n<!-- \/wp:image -->\n\n<!-- wp:image {\"id\":983,\"sizeSlug\":\"full\",\"linkDestination\":\"none\"} -->\n<figure class=\"wp-block-image size-full\"><img src=\"https:\/\/santajuanadearco.lasalleweb.ec\/wp-content\/uploads\/2026\/03\/4.jpg\" alt=\"\" class=\"wp-image-983\"\/><\/figure>\n<!-- \/wp:image -->\n\n<!-- wp:paragraph -->\n<p><\/p>\n<!-- \/wp:paragraph -->","_et_gb_content_width":"","footnotes":""},"class_list":["post-849","page","type-page","status-publish","hentry"],"_links":{"self":[{"href":"https:\/\/santajuanadearco.lasalleweb.ec\/index.php?rest_route=\/wp\/v2\/pages\/849","targetHints":{"allow":["GET"]}}],"collection":[{"href":"https:\/\/santajuanadearco.lasalleweb.ec\/index.php?rest_route=\/wp\/v2\/pages"}],"about":[{"href":"https:\/\/santajuanadearco.lasalleweb.ec\/index.php?rest_route=\/wp\/v2\/types\/page"}],"author":[{"embeddable":true,"href":"https:\/\/santajuanadearco.lasalleweb.ec\/index.php?rest_route=\/wp\/v2\/users\/5"}],"replies":[{"embeddable":true,"href":"https:\/\/santajuanadearco.lasalleweb.ec\/index.php?rest_route=%2Fwp%2Fv2%2Fcomments&post=849"}],"version-history":[{"count":7,"href":"https:\/\/santajuanadearco.lasalleweb.ec\/index.php?rest_route=\/wp\/v2\/pages\/849\/revisions"}],"predecessor-version":[{"id":1456,"href":"https:\/\/santajuanadearco.lasalleweb.ec\/index.php?rest_route=\/wp\/v2\/pages\/849\/revisions\/1456"}],"wp:attachment":[{"href":"https:\/\/santajuanadearco.lasalleweb.ec\/index.php?rest_route=%2Fwp%2Fv2%2Fmedia&parent=849"}],"curies":[{"name":"wp","href":"https:\/\/api.w.org\/{rel}","templated":true}]}}